{"id":349,"date":"2018-03-19T17:08:17","date_gmt":"2018-03-19T17:08:17","guid":{"rendered":"https:\/\/affiliates.eteachergroup.com\/terms-of-use\/"},"modified":"2018-03-26T11:43:54","modified_gmt":"2018-03-26T11:43:54","slug":"terms-of-use","status":"publish","type":"page","link":"https:\/\/affiliates.eteachergroup.com\/es\/terms-of-use\/","title":{"rendered":"T\u00e9rminos de Uso"},"content":{"rendered":"<h3>T\u00e9rminos y condiciones de afiliados<\/h3>\n<p>eTeacherGroup.com ACTIVAMENTE monitorea el tr\u00e1fico por Fraude. Si detectamos fraude, su cuenta quedar\u00e1 inactiva en espera de una investigaci\u00f3n m\u00e1s exhaustiva.<\/p>\n<p>Todos los sitios web, boletines informativos, compa\u00f1\u00edas o individuos necesitan la aprobaci\u00f3n oficial de <a title=\"eTeacherGroup.com\" href=\"http:\/\/www.eteachergroup.com\/\">eTeacherGroup.com<\/a>\u00a0antes de que puedan convertirse en un Socio Afiliado\/Editor. Solo los sitios web y los boletines informativos que han sido revisados y aprobados pueden usar los programas.<\/p>\n<p>eTeacherGroup.com se reserva el derecho de retener o rechazar la aprobaci\u00f3n en cualquier sitio web, bolet\u00edn informativo, empresa o individuo por cualquier motivo, sea el que sea.<\/p>\n<p>Para ser elegibles para la aprobaci\u00f3n del programa de afiliaci\u00f3n, todos los sitios web y boletines \u00a0deben cumplir los siguientes criterios:<\/p>\n<ul>\n<li>Tener un nombre de primer nivel<\/li>\n<li>No puede ofrecer incentivos a los usuarios para hacer clic en anuncios; los incentivos incluyen pero no se limitan a otorgar efectivo, puntos, premios, entradas a concurso, etc.<\/li>\n<li>Ser completamente funcional en todos los niveles; no hay sitios o secciones \u00aben construcci\u00f3n\u00bb<\/li>\n<li>Las ventanas emergentes de producci\u00f3n de proceso y las ventanas emergentes de salida est\u00e1n prohibidas para los afiliados aprobados por clic<\/li>\n<\/ul>\n<p>&nbsp;<\/p>\n<p>El contenido del sitio web y\/o el bolet\u00edn informativo no puede presentar ning\u00fan contenido para adultos ni un enlace de, ni a, ning\u00fan material para adultos, incluidos, entre otros, los siguientes:<\/p>\n<ul>\n<li>Lenguaje expl\u00edcito, vulgar u obsceno<\/li>\n<li>Publicaciones o referencias a im\u00e1genes sexualmente expl\u00edcitas u otro contenido ofensivo<\/li>\n<li>Promoci\u00f3n de servicios para adultos, como sexo telef\u00f3nico o servicios de acompa\u00f1antes<\/li>\n<\/ul>\n<p>&nbsp;<\/p>\n<p>El contenido del sitio web y\/o el bolet\u00edn informativo no puede infringir ning\u00fan derecho personal, propiedad intelectual o derechos de autor, incluidos, entre otros, los siguientes:<\/p>\n<ul>\n<li>Contenido racial, \u00e9tnico, pol\u00edtico, de incitaci\u00f3n al odio o de otra \u00edndole objetable<\/li>\n<li>Oportunidades de inversi\u00f3n, dinero o consejos no permitidos por la ley<\/li>\n<li>Violencia gratuita o profanaci\u00f3n<\/li>\n<li>Material que difama, abusa o amenaza da\u00f1o f\u00edsico a otros o a usted<\/li>\n<li>Promoci\u00f3n de sustancias ilegales o actividades tales como el juego ilegal en l\u00ednea, c\u00f3mo construir una bomba, falsificar dinero, etc.<\/li>\n<li>Pirateo de software (p. Ej., Warez, Hotline)<\/li>\n<li>Hacking o Phreaking<\/li>\n<li>Cualquier actividad ilegal en absoluto<\/li>\n<li>Cualquier tema cuestionable o controversial<\/li>\n<li>Cualquier suplantaci\u00f3n, redirecci\u00f3n o tr\u00e1fico desde sitios web relacionados con adultos en un esfuerzo por ganar tr\u00e1fico<\/li>\n<\/ul>\n<p>&nbsp;<\/p>\n<p>No puede poner nuestros anuncios en su entorno enmarcado, a menos que est\u00e9 aprobado por eTeacherGroup.com por escrito.<\/p>\n<p>No puede publicitar al utilizar Google AdWords u otras redes de contenido (Facebook, Yahoo, Bing, etc.), a menos que haya sido aprobado por eTeacherGroup.com por escrito.<\/p>\n<p>Su sitio web y\/o bolet\u00edn no puede basarse en &#8216;puntos, loter\u00eda o premios&#8217; para fomentar que los usuarios hagan clic en los banners de nuestros anunciantes o utilizar nuestros anunciantes para generar ingresos para que los usuarios ganen puntos, obtengan recompensas u otros incentivos, a menos que este expresamente aprobado por escrito por eTeacherGroup.com.<\/p>\n<p>Si agrega de manera fraudulenta clientes potenciales o genera inflaci\u00f3n de clientes potenciales por generaci\u00f3n de tr\u00e1fico fraudulento, usted perder\u00e1 su Comisi\u00f3n completa para todos los programas y su cuenta se cancelar\u00e1. eTeacherGroup.com se reserva el juicio en la determinaci\u00f3n de fraude, y usted est\u00e1 de acuerdo con esta cl\u00e1usula.<\/p>\n<p>Es OBLIGACI\u00d3N del Afiliado probar a eTeacherGroup.com que no se est\u00e1 cometiendo fraude. eTeacherGroup.com mantendr\u00e1 su pago en estado &#8216;pendiente&#8217; hasta que satisfactoriamente se haya proporcionado evidencia de que no est\u00e1 haciendo fraude al sistema. Marcamos cuentas que:<\/p>\n<ul>\n<li>Hean demostrado clientes potenciales fraudulentos seg\u00fan lo determinado por nuestros clientes<\/li>\n<li>Usan redireccionamientos falsos, software automatizado y\/o fraude para generar clientes potenciales.<\/li>\n<\/ul>\n<p>&nbsp;<\/p>\n<p>Los afiliados no ser\u00e1n recompensados por los siguientes tipos de clientes potenciales: duplicado, falso, con n\u00famero de tel\u00e9fono equivocado, inalcanzable (m\u00e1s de 10 llamadas) y de pa\u00eds no respaldado.<\/p>\n<p>Los siguientes pa\u00edses son compatibles con eTeacher: EE. UU., Canad\u00e1, Australia, Nueva Zelanda, Reino Unido, Irlanda, Portugal, Espa\u00f1a, Pa\u00edses Bajos, Noruega, Finlandia, Dinamarca, Suecia, Suiza, Groenlandia, B\u00e9lgica, Alemania, Francia, Austria, Italia, Luxemburgo, Rep\u00fablica Checa, Rusia, Brasil, Bahrein, Barbados, Costa Rica, Croacia, Chipre, Santa Sede (Estado de la Ciudad del Vaticano), Hungr\u00eda, Kuwait, Macao, Om\u00e1n, Catar, Rumania, Arabia Saudita, Serbia, Taiw\u00e1n, Trinidad y Tobago, Turqu\u00eda, Ucrania, Emiratos \u00c1rabes Unidos, Israel y Grecia.<\/p>\n<p>Rellenar este formulario constituye un acuerdo entre eTeacherGroup.com y el Afiliado. TEl pago de la comisi\u00f3n que se genera al Afiliado var\u00eda seg\u00fan el suscriptor registrado a los programas ofrecidos.<\/p>\n<p>TEste pago de comisi\u00f3n se realiza aproximadamente 30 d\u00edas despu\u00e9s del final del mes y solo despu\u00e9s de recibir una factura v\u00e1lida. La tarifa de pago m\u00ednima es de USD 30.<\/p>\n<p>En caso de que elija que le paguen por cliente potencial, hay una taza diaria de 30 clientes potenciales v\u00e1lidos por los cuales eTeacher pagar\u00eda. El pago del saldo queda a discreci\u00f3n del equipo de afiliados de eTeacher.<\/p>\n<p>El afiliado solo publicar\u00e1 banners y textos aprobados en sus anuncios de nuestros programas y NO crear\u00e1 sus propios banners o textos publicitarios, a menos que sea aprobado expresamente por escrito por eTeacherGroup.com. La infracci\u00f3n de esto dicho da como resultado la p\u00e9rdida de sus comisiones. El Afiliado NO enviar\u00e1 correos electr\u00f3nicos no solicitados o no solicitados que mencionen o promocionen los programas de Afiliados. Cualquier infracci\u00f3n de esto dar\u00e1 lugar a que el Afiliado sea responsable de los da\u00f1os y perjuicios de USD 1000,00 por correo electr\u00f3nico enviado y otros da\u00f1os seg\u00fan lo juzgue un tribunal de justicia.<\/p>\n<p>Usted ebe cumplir estrictamente con la Ley federal CAN-SPAM de 2003 (la \u00abLey\u00bb). Todos los correos electr\u00f3nicos enviados en conexi\u00f3n con el programa de afiliados de eTeacher deben incluir el enlace apropiado de baja voluntaria para la parte.De vez en cuando, eTeacher puede solicitar, antes de enviar correos electr\u00f3nicos que contengan enlaces o referencias al Programa de Afiliados, que env\u00ede la versi\u00f3n final de su correo electr\u00f3nico a eTeacher para su aprobaci\u00f3n al enviarla al equipo de afiliados de eTeacher, y tras recibir previa aprobaci\u00f3n por escrito del equipo de afiliados para enviar el correo electr\u00f3nico, puede que sea transmitido a terceros.<\/p>\n<p>Es su obligaci\u00f3n \u00fanicamente asegurarse de que el correo electr\u00f3nico cumpla con la Ley. Usted reconoce que no depende de la aprobaci\u00f3n de su correo electr\u00f3nico por eTeacher para cumplir con la Ley, o que no impondr\u00e1 ning\u00fan reclamo de cumplir con la Ley en base a la aprobaci\u00f3n de eTeacher.<\/p>\n<p>Queda estrictamente prohibido editar o copiar las im\u00e1genes del programa de un Anunciante. El afiliado solo usar\u00e1 banners y textos aprobados para vincular las p\u00e1ginas de registro de un Anunciante.Los afiliados no enga\u00f1ar\u00e1n a las personas para que parezca que se est\u00e1n suscribiendo a una oferta que ofrece el sitio de Afiliados. El Afiliado SOLAMENTE puede usar banners y textos aprobados, cualquier otro uso de los procesos de enlace y registro dar\u00e1 como resultado la p\u00e9rdida de todos los registros\/clientes potenciales acumulados del Afiliado.<\/p>\n<p>eTeacherGroup.com se reserva el derecho de rescindir cualquier contrato del Afiliado por cualquier motivo. El aviso de terminaci\u00f3n se enviar\u00e1 por correo electr\u00f3nico y entrar\u00e1 en vigencia inmediatamente. Todo el dinero leg\u00edtimo que deba recibir el Afiliado se le pagar\u00e1 durante el pr\u00f3ximo ciclo de facturaci\u00f3n. Si afiliado comete fraude al sistema, entonces el pago ser\u00e1 revocado seg\u00fan lo determinado exclusivamente por eTeacherGroup.com. Usted garantiza que todos los contenidos, productos y servicios en su sitio web son legales para distribuirse y que posee o tiene el derecho legal a utilizar toda propiedad material.<\/p>\n<p>El afiliado irrevocablemente pacta, promete y se compromete a indemnizar a eTeacherGroup.com y exime de toda responsabilidad a eTeacherGroup.com ante cualquier y toda p\u00e9rdida, reclamos, gastos, demandas, da\u00f1os, costos, demandas o responsabilidades, derivadas de cualquier reclamo y exigencia por derechos de autor, calumnia, difamaci\u00f3n y infracci\u00f3n de marca registrada, as\u00ed como todos los dem\u00e1s reclamos resultantes de las p\u00e1ginas web de los miembros.<\/p>\n<p>Si un afiliado infringe o se niega a tomar parte en sus responsabilidades o comete actividades fraudulentas contra nosotros, eTeacherGroup.com se reserva el derecho de retener el pago y de tomar las medidas legales pertinentes para cubrir los da\u00f1os.<\/p>\n<p>eTeacherGroup.com se reserva el derecho a modificar cualquiera de las condiciones de este contrato en cualquier momento. Los avisos de cambio se env\u00edan por correo electr\u00f3nico a los Afiliados, y los Afiliados son responsables de cumplir con los cambios en el contrato dentro de los 10 d\u00edas calendario a partir de la fecha de cambio. Si el Afiliado no rescinde el contrato dentro de esos 10 d\u00edas calendario, implicar\u00e1 su aceptaci\u00f3n de los cambios de este contrato.<\/p>\n<p>eTeacherGroup.com no otorga ninguna garant\u00eda, expresa o impl\u00edcita, por ninguno de los servicios y productos brindados, incluidos, entre otros, los siguientes: garant\u00eda de comerciabilidad y garant\u00eda de aptitud para un prop\u00f3sito particular. Esta declaraci\u00f3n incluye expresamente cualquier reembolso por p\u00e9rdidas de ingresos debido a la interrupci\u00f3n del servicio por parte de eTeacherGroup.com o de sus proveedores inmediatos.<\/p>\n<p>Por cualquier acci\u00f3n legal tomada por un anunciante, agencia, cliente, persona o entidad contra eTeacherGroup.com debido a sus acciones (del afiliado) que violan estos t\u00e9rminos y condiciones, usted acepta que eTeacherGroup.com trabaje con el anunciante, agencia, cliente, persona o entidad para divulgar su informaci\u00f3n personal. Tambi\u00e9n acepta que eTeacherGroup.com no es responsable de sus acciones, y que usted asumir\u00e1 todos los costos (legales o de otro tipo) en que incurra eTeacherGroup.com en caso de que eTeacherGroup.com sea demandado por un anunciante, cliente, agencia, persona o entidad.<\/p>\n<p>Si alguna provisi\u00f3n de este acuerdo ser\u00e1 retenida o invalidada o no exigible por una decisi\u00f3n judicial, estatuto, regla o de cualquier otra \u00edndole, las disposiciones restantes de este acuerdo no se ver\u00e1n afectadas por ello.<\/p>\n<p>Tenga en cuenta que al aceptar los t\u00e9rminos del usuario tambi\u00e9n acepta recibir actualizaciones y el bolet\u00edn de eTeacher.<\/p>\n","protected":false},"excerpt":{"rendered":"<p>T\u00e9rminos y condiciones de afiliados eTeacherGroup.com ACTIVAMENTE monitorea el tr\u00e1fico por Fraude. Si detectamos fraude, su cuenta quedar\u00e1 inactiva en espera de una investigaci\u00f3n m\u00e1s exhaustiva. Todos los sitios web, boletines informativos, compa\u00f1\u00edas o individuos necesitan la aprobaci\u00f3n oficial de eTeacherGroup.com\u00a0antes de que puedan convertirse en un Socio Afiliado\/Editor. Solo los sitios web y los [&hellip;]<\/p>\n","protected":false},"author":4,"featured_media":0,"parent":0,"menu_order":0,"comment_status":"closed","ping_status":"closed","template":"","meta":{"_acf_changed":false,"footnotes":""},"class_list":["post-349","page","type-page","status-publish","hentry"],"acf":[],"yoast_head":"<!-- This site is optimized with the Yoast SEO plugin v26.5 - https:\/\/yoast.com\/wordpress\/plugins\/seo\/ -->\n<title>T\u00e9rminos de Uso - eTeacher&#039;s Affiliate Program<\/title>\n<meta name=\"robots\" content=\"index, follow, max-snippet:-1, max-image-preview:large, max-video-preview:-1\" \/>\n<link rel=\"canonical\" href=\"https:\/\/affiliates.eteachergroup.com\/es\/terms-of-use\/\" \/>\n<meta property=\"og:locale\" content=\"es_ES\" \/>\n<meta property=\"og:type\" content=\"article\" \/>\n<meta property=\"og:title\" content=\"T\u00e9rminos de Uso - eTeacher&#039;s Affiliate Program\" \/>\n<meta property=\"og:description\" content=\"T\u00e9rminos y condiciones de afiliados eTeacherGroup.com ACTIVAMENTE monitorea el tr\u00e1fico por Fraude. Si detectamos fraude, su cuenta quedar\u00e1 inactiva en espera de una investigaci\u00f3n m\u00e1s exhaustiva. Todos los sitios web, boletines informativos, compa\u00f1\u00edas o individuos necesitan la aprobaci\u00f3n oficial de eTeacherGroup.com\u00a0antes de que puedan convertirse en un Socio Afiliado\/Editor. Solo los sitios web y los [&hellip;]\" \/>\n<meta property=\"og:url\" content=\"https:\/\/affiliates.eteachergroup.com\/es\/terms-of-use\/\" \/>\n<meta property=\"og:site_name\" content=\"eTeacher&#039;s Affiliate Program\" \/>\n<meta property=\"article:modified_time\" content=\"2018-03-26T11:43:54+00:00\" \/>\n<meta name=\"twitter:card\" content=\"summary_large_image\" \/>\n<meta name=\"twitter:label1\" content=\"Tiempo de lectura\" \/>\n\t<meta name=\"twitter:data1\" content=\"9 minutos\" \/>\n<script type=\"application\/ld+json\" class=\"yoast-schema-graph\">{\"@context\":\"https:\/\/schema.org\",\"@graph\":[{\"@type\":\"WebPage\",\"@id\":\"https:\/\/affiliates.eteachergroup.com\/es\/terms-of-use\/\",\"url\":\"https:\/\/affiliates.eteachergroup.com\/es\/terms-of-use\/\",\"name\":\"T\u00e9rminos de Uso - eTeacher&#039;s Affiliate Program\",\"isPartOf\":{\"@id\":\"https:\/\/affiliates.eteachergroup.com\/#website\"},\"datePublished\":\"2018-03-19T17:08:17+00:00\",\"dateModified\":\"2018-03-26T11:43:54+00:00\",\"breadcrumb\":{\"@id\":\"https:\/\/affiliates.eteachergroup.com\/es\/terms-of-use\/#breadcrumb\"},\"inLanguage\":\"es\",\"potentialAction\":[{\"@type\":\"ReadAction\",\"target\":[\"https:\/\/affiliates.eteachergroup.com\/es\/terms-of-use\/\"]}]},{\"@type\":\"BreadcrumbList\",\"@id\":\"https:\/\/affiliates.eteachergroup.com\/es\/terms-of-use\/#breadcrumb\",\"itemListElement\":[{\"@type\":\"ListItem\",\"position\":1,\"name\":\"Home\",\"item\":\"https:\/\/affiliates.eteachergroup.com\/es\/\"},{\"@type\":\"ListItem\",\"position\":2,\"name\":\"T\u00e9rminos de Uso\"}]},{\"@type\":\"WebSite\",\"@id\":\"https:\/\/affiliates.eteachergroup.com\/#website\",\"url\":\"https:\/\/affiliates.eteachergroup.com\/\",\"name\":\"eTeacher&#039;s Affiliate Program\",\"description\":\"\",\"publisher\":{\"@id\":\"https:\/\/affiliates.eteachergroup.com\/#organization\"},\"potentialAction\":[{\"@type\":\"SearchAction\",\"target\":{\"@type\":\"EntryPoint\",\"urlTemplate\":\"https:\/\/affiliates.eteachergroup.com\/?s={search_term_string}\"},\"query-input\":{\"@type\":\"PropertyValueSpecification\",\"valueRequired\":true,\"valueName\":\"search_term_string\"}}],\"inLanguage\":\"es\"},{\"@type\":\"Organization\",\"@id\":\"https:\/\/affiliates.eteachergroup.com\/#organization\",\"name\":\"eTeacher&#039;s Affiliate Program\",\"url\":\"https:\/\/affiliates.eteachergroup.com\/\",\"logo\":{\"@type\":\"ImageObject\",\"inLanguage\":\"es\",\"@id\":\"https:\/\/affiliates.eteachergroup.com\/#\/schema\/logo\/image\/\",\"url\":\"https:\/\/affiliates.eteachergroup.com\/wp-content\/uploads\/2021\/02\/cropped-eteachergrouop-Affiliates-logo.png\",\"contentUrl\":\"https:\/\/affiliates.eteachergroup.com\/wp-content\/uploads\/2021\/02\/cropped-eteachergrouop-Affiliates-logo.png\",\"width\":300,\"height\":59,\"caption\":\"eTeacher&#039;s Affiliate Program\"},\"image\":{\"@id\":\"https:\/\/affiliates.eteachergroup.com\/#\/schema\/logo\/image\/\"}}]}<\/script>\n<!-- \/ Yoast SEO plugin. -->","yoast_head_json":{"title":"T\u00e9rminos de Uso - eTeacher&#039;s Affiliate Program","robots":{"index":"index","follow":"follow","max-snippet":"max-snippet:-1","max-image-preview":"max-image-preview:large","max-video-preview":"max-video-preview:-1"},"canonical":"https:\/\/affiliates.eteachergroup.com\/es\/terms-of-use\/","og_locale":"es_ES","og_type":"article","og_title":"T\u00e9rminos de Uso - eTeacher&#039;s Affiliate Program","og_description":"T\u00e9rminos y condiciones de afiliados eTeacherGroup.com ACTIVAMENTE monitorea el tr\u00e1fico por Fraude. Si detectamos fraude, su cuenta quedar\u00e1 inactiva en espera de una investigaci\u00f3n m\u00e1s exhaustiva. Todos los sitios web, boletines informativos, compa\u00f1\u00edas o individuos necesitan la aprobaci\u00f3n oficial de eTeacherGroup.com\u00a0antes de que puedan convertirse en un Socio Afiliado\/Editor. Solo los sitios web y los [&hellip;]","og_url":"https:\/\/affiliates.eteachergroup.com\/es\/terms-of-use\/","og_site_name":"eTeacher&#039;s Affiliate Program","article_modified_time":"2018-03-26T11:43:54+00:00","twitter_card":"summary_large_image","twitter_misc":{"Tiempo de lectura":"9 minutos"},"schema":{"@context":"https:\/\/schema.org","@graph":[{"@type":"WebPage","@id":"https:\/\/affiliates.eteachergroup.com\/es\/terms-of-use\/","url":"https:\/\/affiliates.eteachergroup.com\/es\/terms-of-use\/","name":"T\u00e9rminos de Uso - eTeacher&#039;s Affiliate Program","isPartOf":{"@id":"https:\/\/affiliates.eteachergroup.com\/#website"},"datePublished":"2018-03-19T17:08:17+00:00","dateModified":"2018-03-26T11:43:54+00:00","breadcrumb":{"@id":"https:\/\/affiliates.eteachergroup.com\/es\/terms-of-use\/#breadcrumb"},"inLanguage":"es","potentialAction":[{"@type":"ReadAction","target":["https:\/\/affiliates.eteachergroup.com\/es\/terms-of-use\/"]}]},{"@type":"BreadcrumbList","@id":"https:\/\/affiliates.eteachergroup.com\/es\/terms-of-use\/#breadcrumb","itemListElement":[{"@type":"ListItem","position":1,"name":"Home","item":"https:\/\/affiliates.eteachergroup.com\/es\/"},{"@type":"ListItem","position":2,"name":"T\u00e9rminos de Uso"}]},{"@type":"WebSite","@id":"https:\/\/affiliates.eteachergroup.com\/#website","url":"https:\/\/affiliates.eteachergroup.com\/","name":"eTeacher&#039;s Affiliate Program","description":"","publisher":{"@id":"https:\/\/affiliates.eteachergroup.com\/#organization"},"potentialAction":[{"@type":"SearchAction","target":{"@type":"EntryPoint","urlTemplate":"https:\/\/affiliates.eteachergroup.com\/?s={search_term_string}"},"query-input":{"@type":"PropertyValueSpecification","valueRequired":true,"valueName":"search_term_string"}}],"inLanguage":"es"},{"@type":"Organization","@id":"https:\/\/affiliates.eteachergroup.com\/#organization","name":"eTeacher&#039;s Affiliate Program","url":"https:\/\/affiliates.eteachergroup.com\/","logo":{"@type":"ImageObject","inLanguage":"es","@id":"https:\/\/affiliates.eteachergroup.com\/#\/schema\/logo\/image\/","url":"https:\/\/affiliates.eteachergroup.com\/wp-content\/uploads\/2021\/02\/cropped-eteachergrouop-Affiliates-logo.png","contentUrl":"https:\/\/affiliates.eteachergroup.com\/wp-content\/uploads\/2021\/02\/cropped-eteachergrouop-Affiliates-logo.png","width":300,"height":59,"caption":"eTeacher&#039;s Affiliate Program"},"image":{"@id":"https:\/\/affiliates.eteachergroup.com\/#\/schema\/logo\/image\/"}}]}},"_links":{"self":[{"href":"https:\/\/affiliates.eteachergroup.com\/es\/wp-json\/wp\/v2\/pages\/349","targetHints":{"allow":["GET"]}}],"collection":[{"href":"https:\/\/affiliates.eteachergroup.com\/es\/wp-json\/wp\/v2\/pages"}],"about":[{"href":"https:\/\/affiliates.eteachergroup.com\/es\/wp-json\/wp\/v2\/types\/page"}],"author":[{"embeddable":true,"href":"https:\/\/affiliates.eteachergroup.com\/es\/wp-json\/wp\/v2\/users\/4"}],"replies":[{"embeddable":true,"href":"https:\/\/affiliates.eteachergroup.com\/es\/wp-json\/wp\/v2\/comments?post=349"}],"version-history":[{"count":0,"href":"https:\/\/affiliates.eteachergroup.com\/es\/wp-json\/wp\/v2\/pages\/349\/revisions"}],"wp:attachment":[{"href":"https:\/\/affiliates.eteachergroup.com\/es\/wp-json\/wp\/v2\/media?parent=349"}],"curies":[{"name":"wp","href":"https:\/\/api.w.org\/{rel}","templated":true}]}}