{"id":351,"date":"2017-12-29T12:05:35","date_gmt":"2017-12-29T12:05:35","guid":{"rendered":"https:\/\/affiliates.eteachergroup.com\/contactus\/"},"modified":"2021-02-24T06:51:18","modified_gmt":"2021-02-24T06:51:18","slug":"contactus","status":"publish","type":"page","link":"https:\/\/affiliates.eteachergroup.com\/es\/contactus\/","title":{"rendered":"Cont\u00e1ctese con Atenci\u00f3n a Afiliados"},"content":{"rendered":"<h3>Cont\u00e1ctese con Atenci\u00f3n a Afiliados<\/h3>\n<p><strong>Correo electr\u00f3nico:<\/strong> <a href=\"mailto:affiliates@eteachergroup.com\">affiliates@eteachergroup.com<\/a><\/p>\n<h4>Sede mundial de eTeacher Group &#8211; Departamento de afiliados<\/h4>\n<p><strong>N\u00fameros de tel\u00e9fono: +972-3-755-4169 \/ +972-52-673-1407<\/strong><br \/>\n<img loading=\"lazy\" decoding=\"async\" width=\"800\" height=\"340\" class=\"alignnone wp-image-369\" src=\"https:\/\/affiliates.eteachergroup.com\/wp-content\/uploads\/2018\/03\/eTeacher-Call-Center-Panorama.jpg\" alt=\"\" srcset=\"https:\/\/affiliates.eteachergroup.com\/wp-content\/uploads\/2018\/03\/eTeacher-Call-Center-Panorama.jpg 800w, https:\/\/affiliates.eteachergroup.com\/wp-content\/uploads\/2018\/03\/eTeacher-Call-Center-Panorama-300x128.jpg 300w, https:\/\/affiliates.eteachergroup.com\/wp-content\/uploads\/2018\/03\/eTeacher-Call-Center-Panorama-768x326.jpg 768w\" sizes=\"auto, (max-width: 800px) 100vw, 800px\" \/><br \/>\n<em>Centro de atenci\u00f3n para la inscripci\u00f3n a eTeacher<\/em><\/p>\n","protected":false},"excerpt":{"rendered":"<p>Cont\u00e1ctese con Atenci\u00f3n a Afiliados Correo electr\u00f3nico: affiliates@eteachergroup.com Sede mundial de eTeacher Group &#8211; Departamento de afiliados N\u00fameros de tel\u00e9fono: +972-3-755-4169 \/ +972-52-673-1407 Centro de atenci\u00f3n para la inscripci\u00f3n a eTeacher<\/p>\n","protected":false},"author":4,"featured_media":0,"parent":0,"menu_order":0,"comment_status":"closed","ping_status":"closed","template":"","meta":{"_acf_changed":false,"footnotes":""},"class_list":["post-351","page","type-page","status-publish","hentry"],"acf":[],"yoast_head":"<!-- This site is optimized with the Yoast SEO plugin v26.5 - https:\/\/yoast.com\/wordpress\/plugins\/seo\/ -->\n<title>Cont\u00e1ctese con Atenci\u00f3n a Afiliados - eTeacher&#039;s Affiliate Program<\/title>\n<meta name=\"robots\" content=\"index, follow, max-snippet:-1, max-image-preview:large, max-video-preview:-1\" \/>\n<link rel=\"canonical\" href=\"https:\/\/affiliates.eteachergroup.com\/contactus\/\" \/>\n<meta property=\"og:locale\" content=\"es_ES\" \/>\n<meta property=\"og:type\" content=\"article\" \/>\n<meta property=\"og:title\" content=\"Cont\u00e1ctese con Atenci\u00f3n a Afiliados - eTeacher&#039;s Affiliate Program\" \/>\n<meta property=\"og:description\" content=\"Cont\u00e1ctese con Atenci\u00f3n a Afiliados Correo electr\u00f3nico: affiliates@eteachergroup.com Sede mundial de eTeacher Group &#8211; Departamento de afiliados N\u00fameros de tel\u00e9fono: +972-3-755-4169 \/ +972-52-673-1407 Centro de atenci\u00f3n para la inscripci\u00f3n a eTeacher\" \/>\n<meta property=\"og:url\" content=\"https:\/\/affiliates.eteachergroup.com\/contactus\/\" \/>\n<meta property=\"og:site_name\" content=\"eTeacher&#039;s Affiliate Program\" \/>\n<meta property=\"article:modified_time\" content=\"2021-02-24T06:51:18+00:00\" \/>\n<meta property=\"og:image\" content=\"https:\/\/affiliates.eteachergroup.com\/wp-content\/uploads\/2018\/03\/eTeacher-Call-Center-Panorama.jpg\" \/>\n<meta name=\"twitter:card\" content=\"summary_large_image\" \/>\n<meta name=\"twitter:label1\" content=\"Tiempo de lectura\" \/>\n\t<meta name=\"twitter:data1\" content=\"1 minuto\" \/>\n<script type=\"application\/ld+json\" class=\"yoast-schema-graph\">{\"@context\":\"https:\/\/schema.org\",\"@graph\":[{\"@type\":\"WebPage\",\"@id\":\"https:\/\/affiliates.eteachergroup.com\/contactus\/\",\"url\":\"https:\/\/affiliates.eteachergroup.com\/contactus\/\",\"name\":\"Cont\u00e1ctese con Atenci\u00f3n a Afiliados - eTeacher&#039;s Affiliate Program\",\"isPartOf\":{\"@id\":\"https:\/\/affiliates.eteachergroup.com\/#website\"},\"primaryImageOfPage\":{\"@id\":\"https:\/\/affiliates.eteachergroup.com\/contactus\/#primaryimage\"},\"image\":{\"@id\":\"https:\/\/affiliates.eteachergroup.com\/contactus\/#primaryimage\"},\"thumbnailUrl\":\"https:\/\/affiliates.eteachergroup.com\/wp-content\/uploads\/2018\/03\/eTeacher-Call-Center-Panorama.jpg\",\"datePublished\":\"2017-12-29T12:05:35+00:00\",\"dateModified\":\"2021-02-24T06:51:18+00:00\",\"breadcrumb\":{\"@id\":\"https:\/\/affiliates.eteachergroup.com\/contactus\/#breadcrumb\"},\"inLanguage\":\"es\",\"potentialAction\":[{\"@type\":\"ReadAction\",\"target\":[\"https:\/\/affiliates.eteachergroup.com\/contactus\/\"]}]},{\"@type\":\"ImageObject\",\"inLanguage\":\"es\",\"@id\":\"https:\/\/affiliates.eteachergroup.com\/contactus\/#primaryimage\",\"url\":\"https:\/\/affiliates.eteachergroup.com\/wp-content\/uploads\/2018\/03\/eTeacher-Call-Center-Panorama.jpg\",\"contentUrl\":\"https:\/\/affiliates.eteachergroup.com\/wp-content\/uploads\/2018\/03\/eTeacher-Call-Center-Panorama.jpg\"},{\"@type\":\"BreadcrumbList\",\"@id\":\"https:\/\/affiliates.eteachergroup.com\/contactus\/#breadcrumb\",\"itemListElement\":[{\"@type\":\"ListItem\",\"position\":1,\"name\":\"Home\",\"item\":\"https:\/\/affiliates.eteachergroup.com\/es\/\"},{\"@type\":\"ListItem\",\"position\":2,\"name\":\"Cont\u00e1ctese con Atenci\u00f3n a Afiliados\"}]},{\"@type\":\"WebSite\",\"@id\":\"https:\/\/affiliates.eteachergroup.com\/#website\",\"url\":\"https:\/\/affiliates.eteachergroup.com\/\",\"name\":\"eTeacher&#039;s Affiliate Program\",\"description\":\"\",\"publisher\":{\"@id\":\"https:\/\/affiliates.eteachergroup.com\/#organization\"},\"potentialAction\":[{\"@type\":\"SearchAction\",\"target\":{\"@type\":\"EntryPoint\",\"urlTemplate\":\"https:\/\/affiliates.eteachergroup.com\/?s={search_term_string}\"},\"query-input\":{\"@type\":\"PropertyValueSpecification\",\"valueRequired\":true,\"valueName\":\"search_term_string\"}}],\"inLanguage\":\"es\"},{\"@type\":\"Organization\",\"@id\":\"https:\/\/affiliates.eteachergroup.com\/#organization\",\"name\":\"eTeacher&#039;s Affiliate Program\",\"url\":\"https:\/\/affiliates.eteachergroup.com\/\",\"logo\":{\"@type\":\"ImageObject\",\"inLanguage\":\"es\",\"@id\":\"https:\/\/affiliates.eteachergroup.com\/#\/schema\/logo\/image\/\",\"url\":\"https:\/\/affiliates.eteachergroup.com\/wp-content\/uploads\/2021\/02\/cropped-eteachergrouop-Affiliates-logo.png\",\"contentUrl\":\"https:\/\/affiliates.eteachergroup.com\/wp-content\/uploads\/2021\/02\/cropped-eteachergrouop-Affiliates-logo.png\",\"width\":300,\"height\":59,\"caption\":\"eTeacher&#039;s Affiliate Program\"},\"image\":{\"@id\":\"https:\/\/affiliates.eteachergroup.com\/#\/schema\/logo\/image\/\"}}]}<\/script>\n<!-- \/ Yoast SEO plugin. -->","yoast_head_json":{"title":"Cont\u00e1ctese con Atenci\u00f3n a Afiliados - eTeacher&#039;s Affiliate Program","robots":{"index":"index","follow":"follow","max-snippet":"max-snippet:-1","max-image-preview":"max-image-preview:large","max-video-preview":"max-video-preview:-1"},"canonical":"https:\/\/affiliates.eteachergroup.com\/contactus\/","og_locale":"es_ES","og_type":"article","og_title":"Cont\u00e1ctese con Atenci\u00f3n a Afiliados - eTeacher&#039;s Affiliate Program","og_description":"Cont\u00e1ctese con Atenci\u00f3n a Afiliados Correo electr\u00f3nico: affiliates@eteachergroup.com Sede mundial de eTeacher Group &#8211; Departamento de afiliados N\u00fameros de tel\u00e9fono: +972-3-755-4169 \/ +972-52-673-1407 Centro de atenci\u00f3n para la inscripci\u00f3n a eTeacher","og_url":"https:\/\/affiliates.eteachergroup.com\/contactus\/","og_site_name":"eTeacher&#039;s Affiliate Program","article_modified_time":"2021-02-24T06:51:18+00:00","og_image":[{"url":"https:\/\/affiliates.eteachergroup.com\/wp-content\/uploads\/2018\/03\/eTeacher-Call-Center-Panorama.jpg","type":"","width":"","height":""}],"twitter_card":"summary_large_image","twitter_misc":{"Tiempo de lectura":"1 minuto"},"schema":{"@context":"https:\/\/schema.org","@graph":[{"@type":"WebPage","@id":"https:\/\/affiliates.eteachergroup.com\/contactus\/","url":"https:\/\/affiliates.eteachergroup.com\/contactus\/","name":"Cont\u00e1ctese con Atenci\u00f3n a Afiliados - eTeacher&#039;s Affiliate Program","isPartOf":{"@id":"https:\/\/affiliates.eteachergroup.com\/#website"},"primaryImageOfPage":{"@id":"https:\/\/affiliates.eteachergroup.com\/contactus\/#primaryimage"},"image":{"@id":"https:\/\/affiliates.eteachergroup.com\/contactus\/#primaryimage"},"thumbnailUrl":"https:\/\/affiliates.eteachergroup.com\/wp-content\/uploads\/2018\/03\/eTeacher-Call-Center-Panorama.jpg","datePublished":"2017-12-29T12:05:35+00:00","dateModified":"2021-02-24T06:51:18+00:00","breadcrumb":{"@id":"https:\/\/affiliates.eteachergroup.com\/contactus\/#breadcrumb"},"inLanguage":"es","potentialAction":[{"@type":"ReadAction","target":["https:\/\/affiliates.eteachergroup.com\/contactus\/"]}]},{"@type":"ImageObject","inLanguage":"es","@id":"https:\/\/affiliates.eteachergroup.com\/contactus\/#primaryimage","url":"https:\/\/affiliates.eteachergroup.com\/wp-content\/uploads\/2018\/03\/eTeacher-Call-Center-Panorama.jpg","contentUrl":"https:\/\/affiliates.eteachergroup.com\/wp-content\/uploads\/2018\/03\/eTeacher-Call-Center-Panorama.jpg"},{"@type":"BreadcrumbList","@id":"https:\/\/affiliates.eteachergroup.com\/contactus\/#breadcrumb","itemListElement":[{"@type":"ListItem","position":1,"name":"Home","item":"https:\/\/affiliates.eteachergroup.com\/es\/"},{"@type":"ListItem","position":2,"name":"Cont\u00e1ctese con Atenci\u00f3n a Afiliados"}]},{"@type":"WebSite","@id":"https:\/\/affiliates.eteachergroup.com\/#website","url":"https:\/\/affiliates.eteachergroup.com\/","name":"eTeacher&#039;s Affiliate Program","description":"","publisher":{"@id":"https:\/\/affiliates.eteachergroup.com\/#organization"},"potentialAction":[{"@type":"SearchAction","target":{"@type":"EntryPoint","urlTemplate":"https:\/\/affiliates.eteachergroup.com\/?s={search_term_string}"},"query-input":{"@type":"PropertyValueSpecification","valueRequired":true,"valueName":"search_term_string"}}],"inLanguage":"es"},{"@type":"Organization","@id":"https:\/\/affiliates.eteachergroup.com\/#organization","name":"eTeacher&#039;s Affiliate Program","url":"https:\/\/affiliates.eteachergroup.com\/","logo":{"@type":"ImageObject","inLanguage":"es","@id":"https:\/\/affiliates.eteachergroup.com\/#\/schema\/logo\/image\/","url":"https:\/\/affiliates.eteachergroup.com\/wp-content\/uploads\/2021\/02\/cropped-eteachergrouop-Affiliates-logo.png","contentUrl":"https:\/\/affiliates.eteachergroup.com\/wp-content\/uploads\/2021\/02\/cropped-eteachergrouop-Affiliates-logo.png","width":300,"height":59,"caption":"eTeacher&#039;s Affiliate Program"},"image":{"@id":"https:\/\/affiliates.eteachergroup.com\/#\/schema\/logo\/image\/"}}]}},"_links":{"self":[{"href":"https:\/\/affiliates.eteachergroup.com\/es\/wp-json\/wp\/v2\/pages\/351","targetHints":{"allow":["GET"]}}],"collection":[{"href":"https:\/\/affiliates.eteachergroup.com\/es\/wp-json\/wp\/v2\/pages"}],"about":[{"href":"https:\/\/affiliates.eteachergroup.com\/es\/wp-json\/wp\/v2\/types\/page"}],"author":[{"embeddable":true,"href":"https:\/\/affiliates.eteachergroup.com\/es\/wp-json\/wp\/v2\/users\/4"}],"replies":[{"embeddable":true,"href":"https:\/\/affiliates.eteachergroup.com\/es\/wp-json\/wp\/v2\/comments?post=351"}],"version-history":[{"count":0,"href":"https:\/\/affiliates.eteachergroup.com\/es\/wp-json\/wp\/v2\/pages\/351\/revisions"}],"wp:attachment":[{"href":"https:\/\/affiliates.eteachergroup.com\/es\/wp-json\/wp\/v2\/media?parent=351"}],"curies":[{"name":"wp","href":"https:\/\/api.w.org\/{rel}","templated":true}]}}