{"id":408,"date":"2017-12-29T12:04:15","date_gmt":"2017-12-29T12:04:15","guid":{"rendered":"https:\/\/affiliates.eteachergroup.com\/signup\/"},"modified":"2018-05-08T07:51:20","modified_gmt":"2018-05-08T07:51:20","slug":"inscricao","status":"publish","type":"page","link":"https:\/\/affiliates.eteachergroup.com\/pt-br\/inscricao\/","title":{"rendered":"Signup"},"content":{"rendered":"","protected":false},"excerpt":{"rendered":"","protected":false},"author":4,"featured_media":0,"parent":0,"menu_order":0,"comment_status":"closed","ping_status":"closed","template":"page-signup.php","meta":{"_acf_changed":false,"footnotes":""},"class_list":["post-408","page","type-page","status-publish","hentry"],"acf":[],"yoast_head":"<!-- This site is optimized with the Yoast SEO plugin v26.5 - https:\/\/yoast.com\/wordpress\/plugins\/seo\/ -->\n<title>Seja um afiliado da eTeacher | Os melhores programas de PPL e PPS<\/title>\n<meta name=\"description\" content=\"Junte-se ao programa de afilia\u00e7\u00e3o da eTeacher, e ganhe at\u00e9 $200 por venda (PPS) ou $18 por lead (PPL). Promova cursos educacionais como Estudos B\u00edblicos, Hebraico, Programa\u00e7\u00e3o para Crian\u00e7as e outros. Se voc\u00ea possui um website, ou se \u00e9 faz parte de um corpo docente, pode come\u00e7ar a ganhar dinheiro conosco. Descubra!\" \/>\n<meta name=\"robots\" content=\"index, follow, max-snippet:-1, max-image-preview:large, max-video-preview:-1\" \/>\n<link rel=\"canonical\" href=\"https:\/\/affiliates.eteachergroup.com\/signup\/\" \/>\n<meta property=\"og:locale\" content=\"pt_BR\" \/>\n<meta property=\"og:type\" content=\"article\" \/>\n<meta property=\"og:title\" content=\"Seja um afiliado da eTeacher | Os melhores programas de PPL e PPS\" \/>\n<meta property=\"og:description\" content=\"Junte-se ao programa de afilia\u00e7\u00e3o da eTeacher, e ganhe at\u00e9 $200 por venda (PPS) ou $18 por lead (PPL). Promova cursos educacionais como Estudos B\u00edblicos, Hebraico, Programa\u00e7\u00e3o para Crian\u00e7as e outros. Se voc\u00ea possui um website, ou se \u00e9 faz parte de um corpo docente, pode come\u00e7ar a ganhar dinheiro conosco. Descubra!\" \/>\n<meta property=\"og:url\" content=\"https:\/\/affiliates.eteachergroup.com\/signup\/\" \/>\n<meta property=\"og:site_name\" content=\"eTeacher&#039;s Affiliate Program\" \/>\n<meta property=\"article:modified_time\" content=\"2018-05-08T07:51:20+00:00\" \/>\n<meta name=\"twitter:card\" content=\"summary_large_image\" \/>\n<script type=\"application\/ld+json\" class=\"yoast-schema-graph\">{\"@context\":\"https:\/\/schema.org\",\"@graph\":[{\"@type\":\"WebPage\",\"@id\":\"https:\/\/affiliates.eteachergroup.com\/signup\/\",\"url\":\"https:\/\/affiliates.eteachergroup.com\/signup\/\",\"name\":\"Seja um afiliado da eTeacher | Os melhores programas de PPL e PPS\",\"isPartOf\":{\"@id\":\"https:\/\/affiliates.eteachergroup.com\/#website\"},\"datePublished\":\"2017-12-29T12:04:15+00:00\",\"dateModified\":\"2018-05-08T07:51:20+00:00\",\"description\":\"Junte-se ao programa de afilia\u00e7\u00e3o da eTeacher, e ganhe at\u00e9 $200 por venda (PPS) ou $18 por lead (PPL). Promova cursos educacionais como Estudos B\u00edblicos, Hebraico, Programa\u00e7\u00e3o para Crian\u00e7as e outros. Se voc\u00ea possui um website, ou se \u00e9 faz parte de um corpo docente, pode come\u00e7ar a ganhar dinheiro conosco. Descubra!\",\"breadcrumb\":{\"@id\":\"https:\/\/affiliates.eteachergroup.com\/signup\/#breadcrumb\"},\"inLanguage\":\"pt-BR\",\"potentialAction\":[{\"@type\":\"ReadAction\",\"target\":[\"https:\/\/affiliates.eteachergroup.com\/signup\/\"]}]},{\"@type\":\"BreadcrumbList\",\"@id\":\"https:\/\/affiliates.eteachergroup.com\/signup\/#breadcrumb\",\"itemListElement\":[{\"@type\":\"ListItem\",\"position\":1,\"name\":\"Home\",\"item\":\"https:\/\/affiliates.eteachergroup.com\/pt-br\/\"},{\"@type\":\"ListItem\",\"position\":2,\"name\":\"Signup\"}]},{\"@type\":\"WebSite\",\"@id\":\"https:\/\/affiliates.eteachergroup.com\/#website\",\"url\":\"https:\/\/affiliates.eteachergroup.com\/\",\"name\":\"eTeacher&#039;s Affiliate Program\",\"description\":\"\",\"publisher\":{\"@id\":\"https:\/\/affiliates.eteachergroup.com\/#organization\"},\"potentialAction\":[{\"@type\":\"SearchAction\",\"target\":{\"@type\":\"EntryPoint\",\"urlTemplate\":\"https:\/\/affiliates.eteachergroup.com\/?s={search_term_string}\"},\"query-input\":{\"@type\":\"PropertyValueSpecification\",\"valueRequired\":true,\"valueName\":\"search_term_string\"}}],\"inLanguage\":\"pt-BR\"},{\"@type\":\"Organization\",\"@id\":\"https:\/\/affiliates.eteachergroup.com\/#organization\",\"name\":\"eTeacher&#039;s Affiliate Program\",\"url\":\"https:\/\/affiliates.eteachergroup.com\/\",\"logo\":{\"@type\":\"ImageObject\",\"inLanguage\":\"pt-BR\",\"@id\":\"https:\/\/affiliates.eteachergroup.com\/#\/schema\/logo\/image\/\",\"url\":\"https:\/\/affiliates.eteachergroup.com\/wp-content\/uploads\/2021\/02\/cropped-eteachergrouop-Affiliates-logo.png\",\"contentUrl\":\"https:\/\/affiliates.eteachergroup.com\/wp-content\/uploads\/2021\/02\/cropped-eteachergrouop-Affiliates-logo.png\",\"width\":300,\"height\":59,\"caption\":\"eTeacher&#039;s Affiliate Program\"},\"image\":{\"@id\":\"https:\/\/affiliates.eteachergroup.com\/#\/schema\/logo\/image\/\"}}]}<\/script>\n<!-- \/ Yoast SEO plugin. -->","yoast_head_json":{"title":"Seja um afiliado da eTeacher | Os melhores programas de PPL e PPS","description":"Junte-se ao programa de afilia\u00e7\u00e3o da eTeacher, e ganhe at\u00e9 $200 por venda (PPS) ou $18 por lead (PPL). Promova cursos educacionais como Estudos B\u00edblicos, Hebraico, Programa\u00e7\u00e3o para Crian\u00e7as e outros. Se voc\u00ea possui um website, ou se \u00e9 faz parte de um corpo docente, pode come\u00e7ar a ganhar dinheiro conosco. Descubra!","robots":{"index":"index","follow":"follow","max-snippet":"max-snippet:-1","max-image-preview":"max-image-preview:large","max-video-preview":"max-video-preview:-1"},"canonical":"https:\/\/affiliates.eteachergroup.com\/signup\/","og_locale":"pt_BR","og_type":"article","og_title":"Seja um afiliado da eTeacher | Os melhores programas de PPL e PPS","og_description":"Junte-se ao programa de afilia\u00e7\u00e3o da eTeacher, e ganhe at\u00e9 $200 por venda (PPS) ou $18 por lead (PPL). Promova cursos educacionais como Estudos B\u00edblicos, Hebraico, Programa\u00e7\u00e3o para Crian\u00e7as e outros. Se voc\u00ea possui um website, ou se \u00e9 faz parte de um corpo docente, pode come\u00e7ar a ganhar dinheiro conosco. Descubra!","og_url":"https:\/\/affiliates.eteachergroup.com\/signup\/","og_site_name":"eTeacher&#039;s Affiliate Program","article_modified_time":"2018-05-08T07:51:20+00:00","twitter_card":"summary_large_image","schema":{"@context":"https:\/\/schema.org","@graph":[{"@type":"WebPage","@id":"https:\/\/affiliates.eteachergroup.com\/signup\/","url":"https:\/\/affiliates.eteachergroup.com\/signup\/","name":"Seja um afiliado da eTeacher | Os melhores programas de PPL e PPS","isPartOf":{"@id":"https:\/\/affiliates.eteachergroup.com\/#website"},"datePublished":"2017-12-29T12:04:15+00:00","dateModified":"2018-05-08T07:51:20+00:00","description":"Junte-se ao programa de afilia\u00e7\u00e3o da eTeacher, e ganhe at\u00e9 $200 por venda (PPS) ou $18 por lead (PPL). Promova cursos educacionais como Estudos B\u00edblicos, Hebraico, Programa\u00e7\u00e3o para Crian\u00e7as e outros. Se voc\u00ea possui um website, ou se \u00e9 faz parte de um corpo docente, pode come\u00e7ar a ganhar dinheiro conosco. Descubra!","breadcrumb":{"@id":"https:\/\/affiliates.eteachergroup.com\/signup\/#breadcrumb"},"inLanguage":"pt-BR","potentialAction":[{"@type":"ReadAction","target":["https:\/\/affiliates.eteachergroup.com\/signup\/"]}]},{"@type":"BreadcrumbList","@id":"https:\/\/affiliates.eteachergroup.com\/signup\/#breadcrumb","itemListElement":[{"@type":"ListItem","position":1,"name":"Home","item":"https:\/\/affiliates.eteachergroup.com\/pt-br\/"},{"@type":"ListItem","position":2,"name":"Signup"}]},{"@type":"WebSite","@id":"https:\/\/affiliates.eteachergroup.com\/#website","url":"https:\/\/affiliates.eteachergroup.com\/","name":"eTeacher&#039;s Affiliate Program","description":"","publisher":{"@id":"https:\/\/affiliates.eteachergroup.com\/#organization"},"potentialAction":[{"@type":"SearchAction","target":{"@type":"EntryPoint","urlTemplate":"https:\/\/affiliates.eteachergroup.com\/?s={search_term_string}"},"query-input":{"@type":"PropertyValueSpecification","valueRequired":true,"valueName":"search_term_string"}}],"inLanguage":"pt-BR"},{"@type":"Organization","@id":"https:\/\/affiliates.eteachergroup.com\/#organization","name":"eTeacher&#039;s Affiliate Program","url":"https:\/\/affiliates.eteachergroup.com\/","logo":{"@type":"ImageObject","inLanguage":"pt-BR","@id":"https:\/\/affiliates.eteachergroup.com\/#\/schema\/logo\/image\/","url":"https:\/\/affiliates.eteachergroup.com\/wp-content\/uploads\/2021\/02\/cropped-eteachergrouop-Affiliates-logo.png","contentUrl":"https:\/\/affiliates.eteachergroup.com\/wp-content\/uploads\/2021\/02\/cropped-eteachergrouop-Affiliates-logo.png","width":300,"height":59,"caption":"eTeacher&#039;s Affiliate Program"},"image":{"@id":"https:\/\/affiliates.eteachergroup.com\/#\/schema\/logo\/image\/"}}]}},"_links":{"self":[{"href":"https:\/\/affiliates.eteachergroup.com\/pt-br\/wp-json\/wp\/v2\/pages\/408","targetHints":{"allow":["GET"]}}],"collection":[{"href":"https:\/\/affiliates.eteachergroup.com\/pt-br\/wp-json\/wp\/v2\/pages"}],"about":[{"href":"https:\/\/affiliates.eteachergroup.com\/pt-br\/wp-json\/wp\/v2\/types\/page"}],"author":[{"embeddable":true,"href":"https:\/\/affiliates.eteachergroup.com\/pt-br\/wp-json\/wp\/v2\/users\/4"}],"replies":[{"embeddable":true,"href":"https:\/\/affiliates.eteachergroup.com\/pt-br\/wp-json\/wp\/v2\/comments?post=408"}],"version-history":[{"count":0,"href":"https:\/\/affiliates.eteachergroup.com\/pt-br\/wp-json\/wp\/v2\/pages\/408\/revisions"}],"wp:attachment":[{"href":"https:\/\/affiliates.eteachergroup.com\/pt-br\/wp-json\/wp\/v2\/media?parent=408"}],"curies":[{"name":"wp","href":"https:\/\/api.w.org\/{rel}","templated":true}]}}