{"id":410,"date":"2018-01-08T12:57:19","date_gmt":"2018-01-08T12:57:19","guid":{"rendered":"https:\/\/affiliates.eteachergroup.com\/thank-you-joining-our-affiliate-program\/"},"modified":"2018-05-14T13:29:39","modified_gmt":"2018-05-14T13:29:39","slug":"thank-you-joining-our-affiliate-program","status":"publish","type":"page","link":"https:\/\/affiliates.eteachergroup.com\/pt-br\/thank-you-joining-our-affiliate-program\/","title":{"rendered":"Obrigado!"},"content":{"rendered":"<h2>Obrigado por se juntar ao nosso programa de afilia\u00e7\u00e3o<\/h2>\n<p>Estamos animados para come\u00e7ar a trabalhar com voc\u00ea!<\/p>\n<p>Iremos notific\u00e1-lo t\u00e3o logo sua solicita\u00e7\u00e3o for aprovada.<\/p>\n<p>Skype: eteacher.affiliate<br \/>\n<a href=\"mailto:affiliates@eteachergroup.com\">affiliates@eteachergroup.com<\/a><br \/>\n<a href=\"http:\/\/www.eteachergroup.com\/\">www.eteachergroup.com<\/a><\/p>\n","protected":false},"excerpt":{"rendered":"<p>Obrigado por se juntar ao nosso programa de afilia\u00e7\u00e3o Estamos animados para come\u00e7ar a trabalhar com voc\u00ea! Iremos notific\u00e1-lo t\u00e3o logo sua solicita\u00e7\u00e3o for aprovada. Skype: eteacher.affiliate affiliates@eteachergroup.com www.eteachergroup.com<\/p>\n","protected":false},"author":4,"featured_media":0,"parent":0,"menu_order":0,"comment_status":"closed","ping_status":"closed","template":"","meta":{"_acf_changed":false,"footnotes":""},"class_list":["post-410","page","type-page","status-publish","hentry"],"acf":[],"yoast_head":"<!-- This site is optimized with the Yoast SEO plugin v26.5 - https:\/\/yoast.com\/wordpress\/plugins\/seo\/ -->\n<title>Obrigado! - eTeacher&#039;s Affiliate Program<\/title>\n<meta name=\"robots\" content=\"index, follow, max-snippet:-1, max-image-preview:large, max-video-preview:-1\" \/>\n<link rel=\"canonical\" href=\"https:\/\/affiliates.eteachergroup.com\/thank-you-joining-our-affiliate-program\/\" \/>\n<meta property=\"og:locale\" content=\"pt_BR\" \/>\n<meta property=\"og:type\" content=\"article\" \/>\n<meta property=\"og:title\" content=\"Obrigado! - eTeacher&#039;s Affiliate Program\" \/>\n<meta property=\"og:description\" content=\"Obrigado por se juntar ao nosso programa de afilia\u00e7\u00e3o Estamos animados para come\u00e7ar a trabalhar com voc\u00ea! Iremos notific\u00e1-lo t\u00e3o logo sua solicita\u00e7\u00e3o for aprovada. Skype: eteacher.affiliate affiliates@eteachergroup.com www.eteachergroup.com\" \/>\n<meta property=\"og:url\" content=\"https:\/\/affiliates.eteachergroup.com\/thank-you-joining-our-affiliate-program\/\" \/>\n<meta property=\"og:site_name\" content=\"eTeacher&#039;s Affiliate Program\" \/>\n<meta property=\"article:modified_time\" content=\"2018-05-14T13:29:39+00:00\" \/>\n<meta name=\"twitter:card\" content=\"summary_large_image\" \/>\n<script type=\"application\/ld+json\" class=\"yoast-schema-graph\">{\"@context\":\"https:\/\/schema.org\",\"@graph\":[{\"@type\":\"WebPage\",\"@id\":\"https:\/\/affiliates.eteachergroup.com\/thank-you-joining-our-affiliate-program\/\",\"url\":\"https:\/\/affiliates.eteachergroup.com\/thank-you-joining-our-affiliate-program\/\",\"name\":\"Obrigado! - eTeacher&#039;s Affiliate Program\",\"isPartOf\":{\"@id\":\"https:\/\/affiliates.eteachergroup.com\/#website\"},\"datePublished\":\"2018-01-08T12:57:19+00:00\",\"dateModified\":\"2018-05-14T13:29:39+00:00\",\"breadcrumb\":{\"@id\":\"https:\/\/affiliates.eteachergroup.com\/thank-you-joining-our-affiliate-program\/#breadcrumb\"},\"inLanguage\":\"pt-BR\",\"potentialAction\":[{\"@type\":\"ReadAction\",\"target\":[\"https:\/\/affiliates.eteachergroup.com\/thank-you-joining-our-affiliate-program\/\"]}]},{\"@type\":\"BreadcrumbList\",\"@id\":\"https:\/\/affiliates.eteachergroup.com\/thank-you-joining-our-affiliate-program\/#breadcrumb\",\"itemListElement\":[{\"@type\":\"ListItem\",\"position\":1,\"name\":\"Home\",\"item\":\"https:\/\/affiliates.eteachergroup.com\/pt-br\/\"},{\"@type\":\"ListItem\",\"position\":2,\"name\":\"Obrigado!\"}]},{\"@type\":\"WebSite\",\"@id\":\"https:\/\/affiliates.eteachergroup.com\/#website\",\"url\":\"https:\/\/affiliates.eteachergroup.com\/\",\"name\":\"eTeacher&#039;s Affiliate Program\",\"description\":\"\",\"publisher\":{\"@id\":\"https:\/\/affiliates.eteachergroup.com\/#organization\"},\"potentialAction\":[{\"@type\":\"SearchAction\",\"target\":{\"@type\":\"EntryPoint\",\"urlTemplate\":\"https:\/\/affiliates.eteachergroup.com\/?s={search_term_string}\"},\"query-input\":{\"@type\":\"PropertyValueSpecification\",\"valueRequired\":true,\"valueName\":\"search_term_string\"}}],\"inLanguage\":\"pt-BR\"},{\"@type\":\"Organization\",\"@id\":\"https:\/\/affiliates.eteachergroup.com\/#organization\",\"name\":\"eTeacher&#039;s Affiliate Program\",\"url\":\"https:\/\/affiliates.eteachergroup.com\/\",\"logo\":{\"@type\":\"ImageObject\",\"inLanguage\":\"pt-BR\",\"@id\":\"https:\/\/affiliates.eteachergroup.com\/#\/schema\/logo\/image\/\",\"url\":\"https:\/\/affiliates.eteachergroup.com\/wp-content\/uploads\/2021\/02\/cropped-eteachergrouop-Affiliates-logo.png\",\"contentUrl\":\"https:\/\/affiliates.eteachergroup.com\/wp-content\/uploads\/2021\/02\/cropped-eteachergrouop-Affiliates-logo.png\",\"width\":300,\"height\":59,\"caption\":\"eTeacher&#039;s Affiliate Program\"},\"image\":{\"@id\":\"https:\/\/affiliates.eteachergroup.com\/#\/schema\/logo\/image\/\"}}]}<\/script>\n<!-- \/ Yoast SEO plugin. -->","yoast_head_json":{"title":"Obrigado! - eTeacher&#039;s Affiliate Program","robots":{"index":"index","follow":"follow","max-snippet":"max-snippet:-1","max-image-preview":"max-image-preview:large","max-video-preview":"max-video-preview:-1"},"canonical":"https:\/\/affiliates.eteachergroup.com\/thank-you-joining-our-affiliate-program\/","og_locale":"pt_BR","og_type":"article","og_title":"Obrigado! - eTeacher&#039;s Affiliate Program","og_description":"Obrigado por se juntar ao nosso programa de afilia\u00e7\u00e3o Estamos animados para come\u00e7ar a trabalhar com voc\u00ea! Iremos notific\u00e1-lo t\u00e3o logo sua solicita\u00e7\u00e3o for aprovada. Skype: eteacher.affiliate affiliates@eteachergroup.com www.eteachergroup.com","og_url":"https:\/\/affiliates.eteachergroup.com\/thank-you-joining-our-affiliate-program\/","og_site_name":"eTeacher&#039;s Affiliate Program","article_modified_time":"2018-05-14T13:29:39+00:00","twitter_card":"summary_large_image","schema":{"@context":"https:\/\/schema.org","@graph":[{"@type":"WebPage","@id":"https:\/\/affiliates.eteachergroup.com\/thank-you-joining-our-affiliate-program\/","url":"https:\/\/affiliates.eteachergroup.com\/thank-you-joining-our-affiliate-program\/","name":"Obrigado! - eTeacher&#039;s Affiliate Program","isPartOf":{"@id":"https:\/\/affiliates.eteachergroup.com\/#website"},"datePublished":"2018-01-08T12:57:19+00:00","dateModified":"2018-05-14T13:29:39+00:00","breadcrumb":{"@id":"https:\/\/affiliates.eteachergroup.com\/thank-you-joining-our-affiliate-program\/#breadcrumb"},"inLanguage":"pt-BR","potentialAction":[{"@type":"ReadAction","target":["https:\/\/affiliates.eteachergroup.com\/thank-you-joining-our-affiliate-program\/"]}]},{"@type":"BreadcrumbList","@id":"https:\/\/affiliates.eteachergroup.com\/thank-you-joining-our-affiliate-program\/#breadcrumb","itemListElement":[{"@type":"ListItem","position":1,"name":"Home","item":"https:\/\/affiliates.eteachergroup.com\/pt-br\/"},{"@type":"ListItem","position":2,"name":"Obrigado!"}]},{"@type":"WebSite","@id":"https:\/\/affiliates.eteachergroup.com\/#website","url":"https:\/\/affiliates.eteachergroup.com\/","name":"eTeacher&#039;s Affiliate Program","description":"","publisher":{"@id":"https:\/\/affiliates.eteachergroup.com\/#organization"},"potentialAction":[{"@type":"SearchAction","target":{"@type":"EntryPoint","urlTemplate":"https:\/\/affiliates.eteachergroup.com\/?s={search_term_string}"},"query-input":{"@type":"PropertyValueSpecification","valueRequired":true,"valueName":"search_term_string"}}],"inLanguage":"pt-BR"},{"@type":"Organization","@id":"https:\/\/affiliates.eteachergroup.com\/#organization","name":"eTeacher&#039;s Affiliate Program","url":"https:\/\/affiliates.eteachergroup.com\/","logo":{"@type":"ImageObject","inLanguage":"pt-BR","@id":"https:\/\/affiliates.eteachergroup.com\/#\/schema\/logo\/image\/","url":"https:\/\/affiliates.eteachergroup.com\/wp-content\/uploads\/2021\/02\/cropped-eteachergrouop-Affiliates-logo.png","contentUrl":"https:\/\/affiliates.eteachergroup.com\/wp-content\/uploads\/2021\/02\/cropped-eteachergrouop-Affiliates-logo.png","width":300,"height":59,"caption":"eTeacher&#039;s Affiliate Program"},"image":{"@id":"https:\/\/affiliates.eteachergroup.com\/#\/schema\/logo\/image\/"}}]}},"_links":{"self":[{"href":"https:\/\/affiliates.eteachergroup.com\/pt-br\/wp-json\/wp\/v2\/pages\/410","targetHints":{"allow":["GET"]}}],"collection":[{"href":"https:\/\/affiliates.eteachergroup.com\/pt-br\/wp-json\/wp\/v2\/pages"}],"about":[{"href":"https:\/\/affiliates.eteachergroup.com\/pt-br\/wp-json\/wp\/v2\/types\/page"}],"author":[{"embeddable":true,"href":"https:\/\/affiliates.eteachergroup.com\/pt-br\/wp-json\/wp\/v2\/users\/4"}],"replies":[{"embeddable":true,"href":"https:\/\/affiliates.eteachergroup.com\/pt-br\/wp-json\/wp\/v2\/comments?post=410"}],"version-history":[{"count":0,"href":"https:\/\/affiliates.eteachergroup.com\/pt-br\/wp-json\/wp\/v2\/pages\/410\/revisions"}],"wp:attachment":[{"href":"https:\/\/affiliates.eteachergroup.com\/pt-br\/wp-json\/wp\/v2\/media?parent=410"}],"curies":[{"name":"wp","href":"https:\/\/api.w.org\/{rel}","templated":true}]}}